{"id":14,"date":"2025-09-19T18:49:49","date_gmt":"2025-09-19T18:49:49","guid":{"rendered":"https:\/\/lavenderblush-dogfish-217566.hostingersite.com\/about\/"},"modified":"2025-09-24T19:39:36","modified_gmt":"2025-09-24T19:39:36","slug":"about","status":"publish","type":"page","link":"https:\/\/majakristan.com\/?page_id=14","title":{"rendered":"o meni"},"content":{"rendered":"\t\t<div data-elementor-type=\"wp-page\" data-elementor-id=\"14\" class=\"elementor elementor-14\">\n\t\t\t\t<div class=\"elementor-element elementor-element-dcfb448 e-flex e-con-boxed e-con e-parent\" data-id=\"dcfb448\" data-element_type=\"container\" data-settings=\"{&quot;background_background&quot;:&quot;classic&quot;}\">\n\t\t\t\t\t<div class=\"e-con-inner\">\n\t\t<div class=\"elementor-element elementor-element-d21b7e0 e-flex e-con-boxed e-con e-child\" data-id=\"d21b7e0\" data-element_type=\"container\">\n\t\t\t\t\t<div class=\"e-con-inner\">\n\t\t\t\t<div class=\"elementor-element elementor-element-e9fd9dc elementor-widget elementor-widget-heading\" data-id=\"e9fd9dc\" data-element_type=\"widget\" data-widget_type=\"heading.default\">\n\t\t\t\t<div class=\"elementor-widget-container\">\n\t\t\t\t\t<h1 class=\"elementor-heading-title elementor-size-default\">o meni<\/h1>\t\t\t\t<\/div>\n\t\t\t\t<\/div>\n\t\t\t\t\t<\/div>\n\t\t\t\t<\/div>\n\t\t\t\t\t<\/div>\n\t\t\t\t<\/div>\n\t\t<div class=\"elementor-element elementor-element-500861b e-flex e-con-boxed e-con e-parent\" data-id=\"500861b\" data-element_type=\"container\">\n\t\t\t\t\t<div class=\"e-con-inner\">\n\t\t<div class=\"elementor-element elementor-element-7dbc6fb e-con-full e-flex e-con e-child\" data-id=\"7dbc6fb\" data-element_type=\"container\">\n\t\t\t\t<div class=\"elementor-element elementor-element-6658dc9 elementor-widget elementor-widget-heading\" data-id=\"6658dc9\" data-element_type=\"widget\" data-widget_type=\"heading.default\">\n\t\t\t\t<div class=\"elementor-widget-container\">\n\t\t\t\t\t<h4 class=\"elementor-heading-title elementor-size-default\">Narava je moj navdih \u2013 barve, vonjave, hrana, voda, zrak. Je material in prostor, ki me vodi. Je vse. Vedno prisotna, kjerkoli sem.<\/h4>\t\t\t\t<\/div>\n\t\t\t\t<\/div>\n\t\t\t\t<div class=\"elementor-element elementor-element-e9a8c1e elementor-widget elementor-widget-image\" data-id=\"e9a8c1e\" data-element_type=\"widget\" data-widget_type=\"image.default\">\n\t\t\t\t<div class=\"elementor-widget-container\">\n\t\t\t\t\t\t\t\t\t\t\t\t\t\t\t<img fetchpriority=\"high\" decoding=\"async\" width=\"1170\" height=\"600\" src=\"https:\/\/majakristan.com\/wp-content\/uploads\/2021\/11\/contact-hero.jpg\" class=\"attachment-full size-full wp-image-432\" alt=\"\" \/>\t\t\t\t\t\t\t\t\t\t\t\t\t\t\t<\/div>\n\t\t\t\t<\/div>\n\t\t<div class=\"elementor-element elementor-element-51b695b e-flex e-con-boxed e-con e-child\" data-id=\"51b695b\" data-element_type=\"container\">\n\t\t\t\t\t<div class=\"e-con-inner\">\n\t\t<div class=\"elementor-element elementor-element-bda37a0 e-con-full e-flex e-con e-child\" data-id=\"bda37a0\" data-element_type=\"container\">\n\t\t\t\t<div class=\"elementor-element elementor-element-1078e9d elementor-widget elementor-widget-hfe-infocard\" data-id=\"1078e9d\" data-element_type=\"widget\" data-widget_type=\"hfe-infocard.default\">\n\t\t\t\t<div class=\"elementor-widget-container\">\n\t\t\t\t\t\n\t\t<div class=\"hfe-infocard\">\n\t\t\t\t\t\t\t\t\t<div class=\"hfe-infocard-text-wrap\">\n\t\t\t\t<div class=\"hfe-infocard-text elementor-inline-editing\" data-elementor-setting-key=\"infocard_description\" data-elementor-inline-editing-toolbar=\"advanced\">\n\t\t\t\t\tPo zaklju\u010dku \u0161tudija na Fakulteti za arhitekturo sem se zaposlila v arhitekturnem biroju, kjer sem pod mentorstvom arhitektke in statika pridobivala \u0161iroko znanje na projektih razli\u010dnih vsebin. Po potresu leta 2004 sem sodelovala pri izdelavi projektnih nalog za po\u0161kodovane objekte ter kasneje tudi pri na\u010drtovanju popotresnih prenov. To delo mi je prineslo dragocene izku\u0161nje, ki jih lahko pridobi\u0161 le z delom na terenu. Ob tem sem se podrobno seznanila z na\u010dinom gradnje, kot so ga izvajali ljudje neko\u010d, in pridobila neposreden vpogled v arhitekturo, ki oblikuje na\u0161e bivalno okolje.\nLeta 2008 sem stopila na samostojno pot in kot podjetnica raz\u0161irila podro\u010dje svojega delovanja. Sodelovala sem z vrtci, \u0161olami, varstveno-delovnimi centri ter vodila razli\u010dne ustvarjalne delavnice. Vzporedno sem se nenehno izobra\u017eevala na podro\u010djih, kjer sem zaznala potencial za svojo osebno in strokovno rast.\nKer mi je trajnosten pristop eno glavnih vodil v \u017eivljenju, sem \u0161e posebej ponosna na projekt obnove planine La\u0161ka se\u010d nad Tolminom. Leta 2017 sem za ta projekt kot projektantka skupaj z lastniki prejela priznanje Constructive Alps v Bernu.\nV zadnjem \u010dasu se posve\u010dam arhitekturi, ki podpira kakovost bivanja, dobro po\u010dutje in notranji mir. Vse bolj me zanima povezava med notranjim in zunanjim domom \u2013 med arhitekturo in \u010dlovekovim notranjim svetom.\n\t\t\t\t<\/div>\n\t\t\t\t\t\t\t<\/div>\n\t\t<\/div>\n\n\t\t\t\t\t\t<\/div>\n\t\t\t\t<\/div>\n\t\t\t\t<\/div>\n\t\t<div class=\"elementor-element elementor-element-8c3d36e e-flex e-con-boxed e-con e-child\" data-id=\"8c3d36e\" data-element_type=\"container\">\n\t\t\t\t\t<div class=\"e-con-inner\">\n\t\t\t\t\t<\/div>\n\t\t\t\t<\/div>\n\t\t\t\t\t<\/div>\n\t\t\t\t<\/div>\n\t\t\t\t<\/div>\n\t\t\t\t\t<\/div>\n\t\t\t\t<\/div>\n\t\t<div class=\"elementor-element elementor-element-ba46aa4 e-flex e-con-boxed e-con e-parent\" data-id=\"ba46aa4\" data-element_type=\"container\" data-settings=\"{&quot;background_background&quot;:&quot;classic&quot;}\">\n\t\t\t\t\t<div class=\"e-con-inner\">\n\t\t<div class=\"elementor-element elementor-element-920e714 e-con-full e-flex e-con e-child\" data-id=\"920e714\" data-element_type=\"container\">\n\t\t\t\t<\/div>\n\t\t<div class=\"elementor-element elementor-element-94092f7 e-con-full e-flex e-con e-child\" data-id=\"94092f7\" data-element_type=\"container\">\n\t\t\t\t<div class=\"elementor-element elementor-element-aad1e15 elementor-widget elementor-widget-image\" data-id=\"aad1e15\" data-element_type=\"widget\" data-widget_type=\"image.default\">\n\t\t\t\t<div class=\"elementor-widget-container\">\n\t\t\t\t\t\t\t\t\t\t\t\t\t\t\t<img decoding=\"async\" src=\"https:\/\/majakristan.com\/wp-content\/uploads\/2021\/11\/quotes.svg\" class=\"attachment-full size-full wp-image-117\" alt=\"\" \/>\t\t\t\t\t\t\t\t\t\t\t\t\t\t\t<\/div>\n\t\t\t\t<\/div>\n\t\t\t\t<div class=\"elementor-element elementor-element-7f86a88 elementor-widget elementor-widget-heading\" data-id=\"7f86a88\" data-element_type=\"widget\" data-widget_type=\"heading.default\">\n\t\t\t\t<div class=\"elementor-widget-container\">\n\t\t\t\t\t<h4 class=\"elementor-heading-title elementor-size-default\">\u201cZ mano ni dolg\u010das ne rutine \u2013 je raziskovanje, sve\u017e pogled, stremljenje k novim idejam in vedno bolj\u0161im, domiselnim re\u0161itvam. Vsak dan znova ustvarjamo nekaj edinstvenega.\u201d<\/h4>\t\t\t\t<\/div>\n\t\t\t\t<\/div>\n\t\t\t\t<div class=\"elementor-element elementor-element-d503280 elementor-widget elementor-widget-image\" data-id=\"d503280\" data-element_type=\"widget\" data-widget_type=\"image.default\">\n\t\t\t\t<div class=\"elementor-widget-container\">\n\t\t\t\t\t\t\t\t\t\t\t\t\t\t\t<img decoding=\"async\" width=\"1707\" height=\"2560\" src=\"https:\/\/majakristan.com\/wp-content\/uploads\/2025\/09\/ABB_3832-scaled.jpg\" class=\"attachment-full size-full wp-image-2174\" alt=\"\" srcset=\"https:\/\/majakristan.com\/wp-content\/uploads\/2025\/09\/ABB_3832-scaled.jpg 1707w, https:\/\/majakristan.com\/wp-content\/uploads\/2025\/09\/ABB_3832-200x300.jpg 200w, https:\/\/majakristan.com\/wp-content\/uploads\/2025\/09\/ABB_3832-683x1024.jpg 683w, https:\/\/majakristan.com\/wp-content\/uploads\/2025\/09\/ABB_3832-768x1152.jpg 768w, https:\/\/majakristan.com\/wp-content\/uploads\/2025\/09\/ABB_3832-1024x1536.jpg 1024w, https:\/\/majakristan.com\/wp-content\/uploads\/2025\/09\/ABB_3832-1365x2048.jpg 1365w\" sizes=\"(max-width: 1707px) 100vw, 1707px\" \/>\t\t\t\t\t\t\t\t\t\t\t\t\t\t\t<\/div>\n\t\t\t\t<\/div>\n\t\t\t\t<div class=\"elementor-element elementor-element-22c93f1 elementor-widget elementor-widget-text-editor\" data-id=\"22c93f1\" data-element_type=\"widget\" data-widget_type=\"text-editor.default\">\n\t\t\t\t<div class=\"elementor-widget-container\">\n\t\t\t\t\t\t\t\t\t<p>Maja Evelyn Kristan<\/p>\t\t\t\t\t\t\t\t<\/div>\n\t\t\t\t<\/div>\n\t\t\t\t<\/div>\n\t\t<div class=\"elementor-element elementor-element-0bd015f e-con-full e-flex e-con e-child\" data-id=\"0bd015f\" data-element_type=\"container\">\n\t\t\t\t<\/div>\n\t\t\t\t\t<\/div>\n\t\t\t\t<\/div>\n\t\t\t\t<\/div>\n\t\t","protected":false},"excerpt":{"rendered":"<p>o meni Narava je moj navdih \u2013 barve, vonjave, hrana, voda, zrak. Je material in prostor, ki me vodi. Je vse. Vedno prisotna, kjerkoli sem. Po zaklju\u010dku \u0161tudija na Fakulteti za arhitekturo sem se zaposlila v arhitekturnem biroju, kjer sem pod mentorstvom arhitektke in statika pridobivala \u0161iroko znanje na projektih razli\u010dnih vsebin. Po potresu leta [&hellip;]<\/p>\n","protected":false},"author":1,"featured_media":0,"parent":0,"menu_order":0,"comment_status":"closed","ping_status":"closed","template":"","meta":{"site-sidebar-layout":"no-sidebar","site-content-layout":"page-builder","ast-site-content-layout":"default","site-content-style":"default","site-sidebar-style":"default","ast-global-header-display":"","ast-banner-title-visibility":"","ast-main-header-display":"","ast-hfb-above-header-display":"","ast-hfb-below-header-display":"","ast-hfb-mobile-header-display":"","site-post-title":"disabled","ast-breadcrumbs-content":"","ast-featured-img":"disabled","footer-sml-layout":"","theme-transparent-header-meta":"enabled","adv-header-id-meta":"","stick-header-meta":"","header-above-stick-meta":"","header-main-stick-meta":"","header-below-stick-meta":"","astra-migrate-meta-layouts":"default","ast-page-background-enabled":"default","ast-page-background-meta":{"desktop":{"background-color":"var(--ast-global-color-4)","background-image":"","background-repeat":"repeat","background-position":"center center","background-size":"auto","background-attachment":"scroll","background-type":"","background-media":"","overlay-type":"","overlay-color":"","overlay-opacity":"","overlay-gradient":""},"tablet":{"background-color":"","background-image":"","background-repeat":"repeat","background-position":"center center","background-size":"auto","background-attachment":"scroll","background-type":"","background-media":"","overlay-type":"","overlay-color":"","overlay-opacity":"","overlay-gradient":""},"mobile":{"background-color":"","background-image":"","background-repeat":"repeat","background-position":"center center","background-size":"auto","background-attachment":"scroll","background-type":"","background-media":"","overlay-type":"","overlay-color":"","overlay-opacity":"","overlay-gradient":""}},"ast-content-background-meta":{"desktop":{"background-color":"var(--ast-global-color-5)","background-image":"","background-repeat":"repeat","background-position":"center center","background-size":"auto","background-attachment":"scroll","background-type":"","background-media":"","overlay-type":"","overlay-color":"","overlay-opacity":"","overlay-gradient":""},"tablet":{"background-color":"var(--ast-global-color-5)","background-image":"","background-repeat":"repeat","background-position":"center center","background-size":"auto","background-attachment":"scroll","background-type":"","background-media":"","overlay-type":"","overlay-color":"","overlay-opacity":"","overlay-gradient":""},"mobile":{"background-color":"var(--ast-global-color-5)","background-image":"","background-repeat":"repeat","background-position":"center center","background-size":"auto","background-attachment":"scroll","background-type":"","background-media":"","overlay-type":"","overlay-color":"","overlay-opacity":"","overlay-gradient":""}},"footnotes":""},"class_list":["post-14","page","type-page","status-publish","hentry"],"_links":{"self":[{"href":"https:\/\/majakristan.com\/index.php?rest_route=\/wp\/v2\/pages\/14","targetHints":{"allow":["GET"]}}],"collection":[{"href":"https:\/\/majakristan.com\/index.php?rest_route=\/wp\/v2\/pages"}],"about":[{"href":"https:\/\/majakristan.com\/index.php?rest_route=\/wp\/v2\/types\/page"}],"author":[{"embeddable":true,"href":"https:\/\/majakristan.com\/index.php?rest_route=\/wp\/v2\/users\/1"}],"replies":[{"embeddable":true,"href":"https:\/\/majakristan.com\/index.php?rest_route=%2Fwp%2Fv2%2Fcomments&post=14"}],"version-history":[{"count":20,"href":"https:\/\/majakristan.com\/index.php?rest_route=\/wp\/v2\/pages\/14\/revisions"}],"predecessor-version":[{"id":2203,"href":"https:\/\/majakristan.com\/index.php?rest_route=\/wp\/v2\/pages\/14\/revisions\/2203"}],"wp:attachment":[{"href":"https:\/\/majakristan.com\/index.php?rest_route=%2Fwp%2Fv2%2Fmedia&parent=14"}],"curies":[{"name":"wp","href":"https:\/\/api.w.org\/{rel}","templated":true}]}}